{"id":13,"date":"2025-06-10T09:29:25","date_gmt":"2025-06-10T09:29:25","guid":{"rendered":"https:\/\/hausarztpraxis-hoffbauer.de\/?page_id=13"},"modified":"2026-05-05T07:10:52","modified_gmt":"2026-05-05T07:10:52","slug":"aktuelles","status":"publish","type":"page","link":"https:\/\/hausarztpraxis-hoffbauer.de\/index.php\/aktuelles\/","title":{"rendered":"Aktuelles"},"content":{"rendered":"\n<p><strong>Liebe Patienten!&nbsp;<\/strong><\/p>\n\n\n\n<p>Aufgrund des zeitintensiven b\u00fcrokratischen Abrechnungsaufwandes sehen wir uns gezwungen, in der letzten Quartalswoche eine <strong><u>Organisationswoche<\/u><\/strong> durchzuf\u00fchren, in der die Praxis geschlossen ist.<\/p>\n\n\n\n<p>Es hat t\u00e4glich eine Praxis im Ebsdorfergrund ge\u00f6ffnet:<\/p>\n\n\n\n<p><strong>Mi. 24.06.26 <\/strong>Praxis Dr. von Waldthausen, Wittelsberger Str. 5, 35085 Rauischholzhausen, Tel. 06424-1282<\/p>\n\n\n\n<p><strong>Do. 25.06.26 unsere Praxis Hoffbauer<\/strong><\/p>\n\n\n\n<p><strong>Fr. 26.06.26&nbsp; <\/strong>Dres. Rustemeier und Wappelhorst,Steinweg 7, 35085 Hachborn, Tel. 06424-1434<\/p>\n\n\n\n<p><strong>Mo. 29.06.26 <\/strong>Haus\u00e4rzte Dreihausen, Dreih\u00e4user Stra\u00dfe 15, 35085 Dreihausen, Tel. 06424-923131<\/p>\n\n\n\n<p><strong>Di. 30.06.26 <\/strong>Praxis Alakhras, Bortsh\u00e4user Str. 18, 35085 Ebsdorf, Tel. 06424-1351<\/p>\n\n\n\n<p><\/p>\n\n\n\n<p><strong><u>Die Praxis macht Urlaub vom 13.07.26 &#8211; 24.07.26<\/u><\/strong><strong>.<\/strong><\/p>\n\n\n\n<p>Vertretung in dringenden F\u00e4llen durch:<\/p>\n\n\n\n<p><strong>(Nur 13.&amp;14.7.26) Praxis Alakhras<\/strong>, Bortsh\u00e4user Str. 18, 35085 Ebsdorf, Tel. 06424-1351<\/p>\n\n\n\n<p><strong>Dres. Rustemeier und Wappelhorst<\/strong>, Steinweg 7, 35085 Hachborn, Tel. 06424-1434<\/p>\n\n\n\n<p><strong>Praxis Dr. von Waldthausen<\/strong>, Wittelsberger Str. 5, 35085 Rauischholzhausen, Tel. 06424-1282<\/p>\n\n\n\n<p><\/p>\n\n\n\n<p>Unsere <strong>Praxissprechzeiten<\/strong> sind:<br><strong>Mo. &#8211; Fr. 8 &#8211; 12 Uhr, Mi. 8 &#8211; 14 Uhr &amp;<br>Di. 15.30 \u2013 17 Uhr<\/strong><\/p>\n\n\n\n<p><strong>Au\u00dferhalb der Sprechzeiten<\/strong> wenden Sie sich bitte an den <strong>\u00c4rztlichen Bereitschaftsdienst <\/strong>in den R\u00e4umlichkeiten des Universit\u00e4tsklinikum Marburg, Baldingerstra\u00dfe, Eingangshalle Ost Ebene 0, <strong>Tel.<\/strong> <strong>116 117<\/strong>:<br>Mo, Di und Do&nbsp;19:00\u201324:00 Uhr<br>Mi und Fr&nbsp;14:00\u201324:00 Uhr<br>Sa, So, Feier- und Br\u00fcckentage&nbsp;08:00\u201324:00 Uhr, 27.12.\u201329.12., 11:00\u2013 21:00 Uhr<\/p>\n\n\n\n<p>Bei einem<strong>&nbsp;kritischen Notfall&nbsp;<\/strong>verst\u00e4ndigen Sie bitte den Rettungsdienst unter der&nbsp;<strong>Rufnummer 112.<\/strong><\/p>\n\n\n\n<p>Ihr Praxisteam<\/p>\n","protected":false},"excerpt":{"rendered":"<p>Liebe Patienten!&nbsp; Aufgrund des zeitintensiven b\u00fcrokratischen Abrechnungsaufwandes sehen wir uns gezwungen, in der letzten Quartalswoche eine Organisationswoche durchzuf\u00fchren, in der [&hellip;]<\/p>\n","protected":false},"author":1,"featured_media":0,"parent":0,"menu_order":0,"comment_status":"closed","ping_status":"closed","template":"","meta":{"site-sidebar-layout":"default","site-content-layout":"","ast-site-content-layout":"default","site-content-style":"default","site-sidebar-style":"default","ast-global-header-display":"","ast-banner-title-visibility":"","ast-main-header-display":"","ast-hfb-above-header-display":"","ast-hfb-below-header-display":"","ast-hfb-mobile-header-display":"","site-post-title":"","ast-breadcrumbs-content":"","ast-featured-img":"","footer-sml-layout":"","ast-disable-related-posts":"","theme-transparent-header-meta":"","adv-header-id-meta":"","stick-header-meta":"","header-above-stick-meta":"","header-main-stick-meta":"","header-below-stick-meta":"","astra-migrate-meta-layouts":"default","ast-page-background-enabled":"default","ast-page-background-meta":{"desktop":{"background-color":"var(--ast-global-color-5)","background-image":"","background-repeat":"repeat","background-position":"center center","background-size":"auto","background-attachment":"scroll","background-type":"","background-media":"","overlay-type":"","overlay-color":"","overlay-opacity":"","overlay-gradient":""},"tablet":{"background-color":"","background-image":"","background-repeat":"repeat","background-position":"center center","background-size":"auto","background-attachment":"scroll","background-type":"","background-media":"","overlay-type":"","overlay-color":"","overlay-opacity":"","overlay-gradient":""},"mobile":{"background-color":"","background-image":"","background-repeat":"repeat","background-position":"center center","background-size":"auto","background-attachment":"scroll","background-type":"","background-media":"","overlay-type":"","overlay-color":"","overlay-opacity":"","overlay-gradient":""}},"ast-content-background-meta":{"desktop":{"background-color":"var(--ast-global-color-4)","background-image":"","background-repeat":"repeat","background-position":"center center","background-size":"auto","background-attachment":"scroll","background-type":"","background-media":"","overlay-type":"","overlay-color":"","overlay-opacity":"","overlay-gradient":""},"tablet":{"background-color":"var(--ast-global-color-4)","background-image":"","background-repeat":"repeat","background-position":"center center","background-size":"auto","background-attachment":"scroll","background-type":"","background-media":"","overlay-type":"","overlay-color":"","overlay-opacity":"","overlay-gradient":""},"mobile":{"background-color":"var(--ast-global-color-4)","background-image":"","background-repeat":"repeat","background-position":"center center","background-size":"auto","background-attachment":"scroll","background-type":"","background-media":"","overlay-type":"","overlay-color":"","overlay-opacity":"","overlay-gradient":""}},"footnotes":""},"class_list":["post-13","page","type-page","status-publish","hentry"],"yoast_head":"<!-- This site is optimized with the Yoast SEO plugin v27.6 - https:\/\/yoast.com\/product\/yoast-seo-wordpress\/ -->\n<title>Aktuelles - Hausarztpraxis Hoffbauer<\/title>\n<meta name=\"robots\" content=\"index, follow, max-snippet:-1, max-image-preview:large, max-video-preview:-1\" \/>\n<link rel=\"canonical\" href=\"https:\/\/hausarztpraxis-hoffbauer.de\/index.php\/aktuelles\/\" \/>\n<meta property=\"og:locale\" content=\"de_DE\" \/>\n<meta property=\"og:type\" content=\"article\" \/>\n<meta property=\"og:title\" content=\"Aktuelles - Hausarztpraxis Hoffbauer\" \/>\n<meta property=\"og:description\" content=\"Liebe Patienten!&nbsp; Aufgrund des zeitintensiven b\u00fcrokratischen Abrechnungsaufwandes sehen wir uns gezwungen, in der letzten Quartalswoche eine Organisationswoche durchzuf\u00fchren, in der [&hellip;]\" \/>\n<meta property=\"og:url\" content=\"https:\/\/hausarztpraxis-hoffbauer.de\/index.php\/aktuelles\/\" \/>\n<meta property=\"og:site_name\" content=\"Hausarztpraxis Hoffbauer\" \/>\n<meta property=\"article:modified_time\" content=\"2026-05-05T07:10:52+00:00\" \/>\n<meta name=\"twitter:card\" content=\"summary_large_image\" \/>\n<meta name=\"twitter:label1\" content=\"Gesch\u00e4tzte Lesezeit\" \/>\n\t<meta name=\"twitter:data1\" content=\"2\u00a0Minuten\" \/>\n<script type=\"application\/ld+json\" class=\"yoast-schema-graph\">{\"@context\":\"https:\\\/\\\/schema.org\",\"@graph\":[{\"@type\":\"WebPage\",\"@id\":\"https:\\\/\\\/hausarztpraxis-hoffbauer.de\\\/index.php\\\/aktuelles\\\/\",\"url\":\"https:\\\/\\\/hausarztpraxis-hoffbauer.de\\\/index.php\\\/aktuelles\\\/\",\"name\":\"Aktuelles - Hausarztpraxis Hoffbauer\",\"isPartOf\":{\"@id\":\"https:\\\/\\\/hausarztpraxis-hoffbauer.de\\\/#website\"},\"datePublished\":\"2025-06-10T09:29:25+00:00\",\"dateModified\":\"2026-05-05T07:10:52+00:00\",\"breadcrumb\":{\"@id\":\"https:\\\/\\\/hausarztpraxis-hoffbauer.de\\\/index.php\\\/aktuelles\\\/#breadcrumb\"},\"inLanguage\":\"de\",\"potentialAction\":[{\"@type\":\"ReadAction\",\"target\":[\"https:\\\/\\\/hausarztpraxis-hoffbauer.de\\\/index.php\\\/aktuelles\\\/\"]}]},{\"@type\":\"BreadcrumbList\",\"@id\":\"https:\\\/\\\/hausarztpraxis-hoffbauer.de\\\/index.php\\\/aktuelles\\\/#breadcrumb\",\"itemListElement\":[{\"@type\":\"ListItem\",\"position\":1,\"name\":\"Startseite\",\"item\":\"https:\\\/\\\/hausarztpraxis-hoffbauer.de\\\/\"},{\"@type\":\"ListItem\",\"position\":2,\"name\":\"Aktuelles\"}]},{\"@type\":\"WebSite\",\"@id\":\"https:\\\/\\\/hausarztpraxis-hoffbauer.de\\\/#website\",\"url\":\"https:\\\/\\\/hausarztpraxis-hoffbauer.de\\\/\",\"name\":\"Hausarztpraxis Hoffbauer\",\"description\":\"Facharzt f\u00fcr Allgemeinmedizin\",\"potentialAction\":[{\"@type\":\"SearchAction\",\"target\":{\"@type\":\"EntryPoint\",\"urlTemplate\":\"https:\\\/\\\/hausarztpraxis-hoffbauer.de\\\/?s={search_term_string}\"},\"query-input\":{\"@type\":\"PropertyValueSpecification\",\"valueRequired\":true,\"valueName\":\"search_term_string\"}}],\"inLanguage\":\"de\"}]}<\/script>\n<!-- \/ Yoast SEO plugin. -->","yoast_head_json":{"title":"Aktuelles - Hausarztpraxis Hoffbauer","robots":{"index":"index","follow":"follow","max-snippet":"max-snippet:-1","max-image-preview":"max-image-preview:large","max-video-preview":"max-video-preview:-1"},"canonical":"https:\/\/hausarztpraxis-hoffbauer.de\/index.php\/aktuelles\/","og_locale":"de_DE","og_type":"article","og_title":"Aktuelles - Hausarztpraxis Hoffbauer","og_description":"Liebe Patienten!&nbsp; Aufgrund des zeitintensiven b\u00fcrokratischen Abrechnungsaufwandes sehen wir uns gezwungen, in der letzten Quartalswoche eine Organisationswoche durchzuf\u00fchren, in der [&hellip;]","og_url":"https:\/\/hausarztpraxis-hoffbauer.de\/index.php\/aktuelles\/","og_site_name":"Hausarztpraxis Hoffbauer","article_modified_time":"2026-05-05T07:10:52+00:00","twitter_card":"summary_large_image","twitter_misc":{"Gesch\u00e4tzte Lesezeit":"2\u00a0Minuten"},"schema":{"@context":"https:\/\/schema.org","@graph":[{"@type":"WebPage","@id":"https:\/\/hausarztpraxis-hoffbauer.de\/index.php\/aktuelles\/","url":"https:\/\/hausarztpraxis-hoffbauer.de\/index.php\/aktuelles\/","name":"Aktuelles - Hausarztpraxis Hoffbauer","isPartOf":{"@id":"https:\/\/hausarztpraxis-hoffbauer.de\/#website"},"datePublished":"2025-06-10T09:29:25+00:00","dateModified":"2026-05-05T07:10:52+00:00","breadcrumb":{"@id":"https:\/\/hausarztpraxis-hoffbauer.de\/index.php\/aktuelles\/#breadcrumb"},"inLanguage":"de","potentialAction":[{"@type":"ReadAction","target":["https:\/\/hausarztpraxis-hoffbauer.de\/index.php\/aktuelles\/"]}]},{"@type":"BreadcrumbList","@id":"https:\/\/hausarztpraxis-hoffbauer.de\/index.php\/aktuelles\/#breadcrumb","itemListElement":[{"@type":"ListItem","position":1,"name":"Startseite","item":"https:\/\/hausarztpraxis-hoffbauer.de\/"},{"@type":"ListItem","position":2,"name":"Aktuelles"}]},{"@type":"WebSite","@id":"https:\/\/hausarztpraxis-hoffbauer.de\/#website","url":"https:\/\/hausarztpraxis-hoffbauer.de\/","name":"Hausarztpraxis Hoffbauer","description":"Facharzt f\u00fcr Allgemeinmedizin","potentialAction":[{"@type":"SearchAction","target":{"@type":"EntryPoint","urlTemplate":"https:\/\/hausarztpraxis-hoffbauer.de\/?s={search_term_string}"},"query-input":{"@type":"PropertyValueSpecification","valueRequired":true,"valueName":"search_term_string"}}],"inLanguage":"de"}]}},"_links":{"self":[{"href":"https:\/\/hausarztpraxis-hoffbauer.de\/index.php\/wp-json\/wp\/v2\/pages\/13","targetHints":{"allow":["GET"]}}],"collection":[{"href":"https:\/\/hausarztpraxis-hoffbauer.de\/index.php\/wp-json\/wp\/v2\/pages"}],"about":[{"href":"https:\/\/hausarztpraxis-hoffbauer.de\/index.php\/wp-json\/wp\/v2\/types\/page"}],"author":[{"embeddable":true,"href":"https:\/\/hausarztpraxis-hoffbauer.de\/index.php\/wp-json\/wp\/v2\/users\/1"}],"replies":[{"embeddable":true,"href":"https:\/\/hausarztpraxis-hoffbauer.de\/index.php\/wp-json\/wp\/v2\/comments?post=13"}],"version-history":[{"count":18,"href":"https:\/\/hausarztpraxis-hoffbauer.de\/index.php\/wp-json\/wp\/v2\/pages\/13\/revisions"}],"predecessor-version":[{"id":132,"href":"https:\/\/hausarztpraxis-hoffbauer.de\/index.php\/wp-json\/wp\/v2\/pages\/13\/revisions\/132"}],"wp:attachment":[{"href":"https:\/\/hausarztpraxis-hoffbauer.de\/index.php\/wp-json\/wp\/v2\/media?parent=13"}],"curies":[{"name":"wp","href":"https:\/\/api.w.org\/{rel}","templated":true}]}}