{"id":43,"date":"2025-06-10T10:40:23","date_gmt":"2025-06-10T10:40:23","guid":{"rendered":"https:\/\/hausarztpraxis-hoffbauer.de\/?page_id=43"},"modified":"2025-07-25T18:21:32","modified_gmt":"2025-07-25T18:21:32","slug":"impressum","status":"publish","type":"page","link":"https:\/\/hausarztpraxis-hoffbauer.de\/index.php\/impressum\/","title":{"rendered":"Impressum"},"content":{"rendered":"\n<h2 class=\"wp-block-heading\">Impressum<\/h2>\n\n\n<p>Verantwortlich f\u00fcr den Inhalt dieser Homepage ist:<br \/>Henning Hoffbauer<br \/>Adresse: Auf dem Sand 18, 35085 Ebsdorfergrund<br \/>Tel: +\u200a49 6424 6363<br \/>Fax: +\u200a49\u20066424 5411<br \/>E-Mail: info@hausarztpraxis-hoffbauer.de<br \/>(Keine Bearbeitung von Rezept-, \u00dcberweisungsw\u00fcnschen o.\u00e4. per Mail \/ bitte telefonisch zu den Sprechzeiten\u00a0melden.)<br \/>Internet: www.hausarztpraxis-hoffbauer.de<\/p>\n<p>Berufsbezeichnung: Arzt<br \/>Nach der Weiterbildungsordnung erworbene Bezeichnungen und T\u00e4tigkeitsschwerpunkte:<br \/>Facharzt f\u00fcr Allgemeinmedizin<br \/>Psychosomatische Grundversorgung, Hautkrebsscreening, Chronikerprogramme &#8211; DMP, Gesundheitsuntersuchungen &#8211; Checkup, Impfberatung, EKG<br \/>(alle Titel in der Bundesrepublik Deutschland verliehen)<\/p>\n<p>Zust\u00e4ndige Aufsichtsbeh\u00f6rde:<br \/>Hessisches Landesamt f\u00fcr Gesundheit und Pflege<br \/>Postfach 11 03 52<br \/>64218 Darmstadt<br \/>Telefon: 0611-3259 1000<br \/>hlfgp.hessen.de<\/p>\n<p>Zust\u00e4ndige Kammer:<br \/>Landes\u00e4rztekammer Hessen<br \/>Hanauer Landstra\u00dfe 152<br \/>60314 Frankfurt\/Main<br \/>Tel. 069 &#8211; 97672 &#8211; 0<br \/>Fax 069 &#8211; 97672 -128<br \/>www.laekh.de<\/p>\n<p>Zust\u00e4ndige Kassen\u00e4rztlichen Vereinigung:<br \/>Kassen\u00e4rztliche Vereinigung Hessen<br \/>Europa-Allee 90<br \/>60486 Frankfurt am Main<br \/>Tel 069 24741-7777<br \/>Fax 069 24741-68826<br \/>www.kvhessen.de<\/p>\n<p>Berufsrechtliche Regelungen:<br \/>Berufsordnung der Landes\u00e4rztekammer Hessen<br \/>Heilberufegesetz des Landes Hessen<\/p>\n<p>Haftungshinweis:<br \/>Trotz sorgf\u00e4ltiger inhaltlicher Kontrolle \u00fcbernehmen wir keine Haftung f\u00fcr die Inhalte externer Links. F\u00fcr den Inhalt der verlinkten Seiten sind ausschlie\u00dflich deren Betreiber verantwortlich.<\/p>\n<p>Konzept und Realisation der Homepage:<br \/>Marco Wende<\/p>","protected":false},"excerpt":{"rendered":"<p>Impressum Verantwortlich f\u00fcr den Inhalt dieser Homepage ist:Henning HoffbauerAdresse: Auf dem Sand 18, 35085 EbsdorfergrundTel: +\u200a49 6424 6363Fax: +\u200a49\u20066424 5411E-Mail: [&hellip;]<\/p>\n","protected":false},"author":1,"featured_media":0,"parent":0,"menu_order":0,"comment_status":"closed","ping_status":"closed","template":"","meta":{"site-sidebar-layout":"default","site-content-layout":"","ast-site-content-layout":"default","site-content-style":"default","site-sidebar-style":"default","ast-global-header-display":"","ast-banner-title-visibility":"","ast-main-header-display":"","ast-hfb-above-header-display":"","ast-hfb-below-header-display":"","ast-hfb-mobile-header-display":"","site-post-title":"","ast-breadcrumbs-content":"","ast-featured-img":"","footer-sml-layout":"","ast-disable-related-posts":"","theme-transparent-header-meta":"","adv-header-id-meta":"","stick-header-meta":"","header-above-stick-meta":"","header-main-stick-meta":"","header-below-stick-meta":"","astra-migrate-meta-layouts":"default","ast-page-background-enabled":"default","ast-page-background-meta":{"desktop":{"background-color":"var(--ast-global-color-5)","background-image":"","background-repeat":"repeat","background-position":"center center","background-size":"auto","background-attachment":"scroll","background-type":"","background-media":"","overlay-type":"","overlay-color":"","overlay-opacity":"","overlay-gradient":""},"tablet":{"background-color":"","background-image":"","background-repeat":"repeat","background-position":"center center","background-size":"auto","background-attachment":"scroll","background-type":"","background-media":"","overlay-type":"","overlay-color":"","overlay-opacity":"","overlay-gradient":""},"mobile":{"background-color":"","background-image":"","background-repeat":"repeat","background-position":"center center","background-size":"auto","background-attachment":"scroll","background-type":"","background-media":"","overlay-type":"","overlay-color":"","overlay-opacity":"","overlay-gradient":""}},"ast-content-background-meta":{"desktop":{"background-color":"var(--ast-global-color-4)","background-image":"","background-repeat":"repeat","background-position":"center center","background-size":"auto","background-attachment":"scroll","background-type":"","background-media":"","overlay-type":"","overlay-color":"","overlay-opacity":"","overlay-gradient":""},"tablet":{"background-color":"var(--ast-global-color-4)","background-image":"","background-repeat":"repeat","background-position":"center center","background-size":"auto","background-attachment":"scroll","background-type":"","background-media":"","overlay-type":"","overlay-color":"","overlay-opacity":"","overlay-gradient":""},"mobile":{"background-color":"var(--ast-global-color-4)","background-image":"","background-repeat":"repeat","background-position":"center center","background-size":"auto","background-attachment":"scroll","background-type":"","background-media":"","overlay-type":"","overlay-color":"","overlay-opacity":"","overlay-gradient":""}},"footnotes":""},"class_list":["post-43","page","type-page","status-publish","hentry"],"yoast_head":"<!-- This site is optimized with the Yoast SEO plugin v27.6 - https:\/\/yoast.com\/product\/yoast-seo-wordpress\/ -->\n<title>Impressum - Hausarztpraxis Hoffbauer<\/title>\n<meta name=\"robots\" content=\"index, follow, max-snippet:-1, max-image-preview:large, max-video-preview:-1\" \/>\n<link rel=\"canonical\" href=\"https:\/\/hausarztpraxis-hoffbauer.de\/index.php\/impressum\/\" \/>\n<meta property=\"og:locale\" content=\"de_DE\" \/>\n<meta property=\"og:type\" content=\"article\" \/>\n<meta property=\"og:title\" content=\"Impressum - Hausarztpraxis Hoffbauer\" \/>\n<meta property=\"og:description\" content=\"Impressum Verantwortlich f\u00fcr den Inhalt dieser Homepage ist:Henning HoffbauerAdresse: Auf dem Sand 18, 35085 EbsdorfergrundTel: +\u200a49 6424 6363Fax: +\u200a49\u20066424 5411E-Mail: [&hellip;]\" \/>\n<meta property=\"og:url\" content=\"https:\/\/hausarztpraxis-hoffbauer.de\/index.php\/impressum\/\" \/>\n<meta property=\"og:site_name\" content=\"Hausarztpraxis Hoffbauer\" \/>\n<meta property=\"article:modified_time\" content=\"2025-07-25T18:21:32+00:00\" \/>\n<meta name=\"twitter:card\" content=\"summary_large_image\" \/>\n<meta name=\"twitter:label1\" content=\"Gesch\u00e4tzte Lesezeit\" \/>\n\t<meta name=\"twitter:data1\" content=\"1\u00a0Minute\" \/>\n<script type=\"application\/ld+json\" class=\"yoast-schema-graph\">{\"@context\":\"https:\\\/\\\/schema.org\",\"@graph\":[{\"@type\":\"WebPage\",\"@id\":\"https:\\\/\\\/hausarztpraxis-hoffbauer.de\\\/index.php\\\/impressum\\\/\",\"url\":\"https:\\\/\\\/hausarztpraxis-hoffbauer.de\\\/index.php\\\/impressum\\\/\",\"name\":\"Impressum - Hausarztpraxis Hoffbauer\",\"isPartOf\":{\"@id\":\"https:\\\/\\\/hausarztpraxis-hoffbauer.de\\\/#website\"},\"datePublished\":\"2025-06-10T10:40:23+00:00\",\"dateModified\":\"2025-07-25T18:21:32+00:00\",\"breadcrumb\":{\"@id\":\"https:\\\/\\\/hausarztpraxis-hoffbauer.de\\\/index.php\\\/impressum\\\/#breadcrumb\"},\"inLanguage\":\"de\",\"potentialAction\":[{\"@type\":\"ReadAction\",\"target\":[\"https:\\\/\\\/hausarztpraxis-hoffbauer.de\\\/index.php\\\/impressum\\\/\"]}]},{\"@type\":\"BreadcrumbList\",\"@id\":\"https:\\\/\\\/hausarztpraxis-hoffbauer.de\\\/index.php\\\/impressum\\\/#breadcrumb\",\"itemListElement\":[{\"@type\":\"ListItem\",\"position\":1,\"name\":\"Startseite\",\"item\":\"https:\\\/\\\/hausarztpraxis-hoffbauer.de\\\/\"},{\"@type\":\"ListItem\",\"position\":2,\"name\":\"Impressum\"}]},{\"@type\":\"WebSite\",\"@id\":\"https:\\\/\\\/hausarztpraxis-hoffbauer.de\\\/#website\",\"url\":\"https:\\\/\\\/hausarztpraxis-hoffbauer.de\\\/\",\"name\":\"Hausarztpraxis Hoffbauer\",\"description\":\"Facharzt f\u00fcr Allgemeinmedizin\",\"potentialAction\":[{\"@type\":\"SearchAction\",\"target\":{\"@type\":\"EntryPoint\",\"urlTemplate\":\"https:\\\/\\\/hausarztpraxis-hoffbauer.de\\\/?s={search_term_string}\"},\"query-input\":{\"@type\":\"PropertyValueSpecification\",\"valueRequired\":true,\"valueName\":\"search_term_string\"}}],\"inLanguage\":\"de\"}]}<\/script>\n<!-- \/ Yoast SEO plugin. -->","yoast_head_json":{"title":"Impressum - Hausarztpraxis Hoffbauer","robots":{"index":"index","follow":"follow","max-snippet":"max-snippet:-1","max-image-preview":"max-image-preview:large","max-video-preview":"max-video-preview:-1"},"canonical":"https:\/\/hausarztpraxis-hoffbauer.de\/index.php\/impressum\/","og_locale":"de_DE","og_type":"article","og_title":"Impressum - Hausarztpraxis Hoffbauer","og_description":"Impressum Verantwortlich f\u00fcr den Inhalt dieser Homepage ist:Henning HoffbauerAdresse: Auf dem Sand 18, 35085 EbsdorfergrundTel: +\u200a49 6424 6363Fax: +\u200a49\u20066424 5411E-Mail: [&hellip;]","og_url":"https:\/\/hausarztpraxis-hoffbauer.de\/index.php\/impressum\/","og_site_name":"Hausarztpraxis Hoffbauer","article_modified_time":"2025-07-25T18:21:32+00:00","twitter_card":"summary_large_image","twitter_misc":{"Gesch\u00e4tzte Lesezeit":"1\u00a0Minute"},"schema":{"@context":"https:\/\/schema.org","@graph":[{"@type":"WebPage","@id":"https:\/\/hausarztpraxis-hoffbauer.de\/index.php\/impressum\/","url":"https:\/\/hausarztpraxis-hoffbauer.de\/index.php\/impressum\/","name":"Impressum - Hausarztpraxis Hoffbauer","isPartOf":{"@id":"https:\/\/hausarztpraxis-hoffbauer.de\/#website"},"datePublished":"2025-06-10T10:40:23+00:00","dateModified":"2025-07-25T18:21:32+00:00","breadcrumb":{"@id":"https:\/\/hausarztpraxis-hoffbauer.de\/index.php\/impressum\/#breadcrumb"},"inLanguage":"de","potentialAction":[{"@type":"ReadAction","target":["https:\/\/hausarztpraxis-hoffbauer.de\/index.php\/impressum\/"]}]},{"@type":"BreadcrumbList","@id":"https:\/\/hausarztpraxis-hoffbauer.de\/index.php\/impressum\/#breadcrumb","itemListElement":[{"@type":"ListItem","position":1,"name":"Startseite","item":"https:\/\/hausarztpraxis-hoffbauer.de\/"},{"@type":"ListItem","position":2,"name":"Impressum"}]},{"@type":"WebSite","@id":"https:\/\/hausarztpraxis-hoffbauer.de\/#website","url":"https:\/\/hausarztpraxis-hoffbauer.de\/","name":"Hausarztpraxis Hoffbauer","description":"Facharzt f\u00fcr Allgemeinmedizin","potentialAction":[{"@type":"SearchAction","target":{"@type":"EntryPoint","urlTemplate":"https:\/\/hausarztpraxis-hoffbauer.de\/?s={search_term_string}"},"query-input":{"@type":"PropertyValueSpecification","valueRequired":true,"valueName":"search_term_string"}}],"inLanguage":"de"}]}},"_links":{"self":[{"href":"https:\/\/hausarztpraxis-hoffbauer.de\/index.php\/wp-json\/wp\/v2\/pages\/43","targetHints":{"allow":["GET"]}}],"collection":[{"href":"https:\/\/hausarztpraxis-hoffbauer.de\/index.php\/wp-json\/wp\/v2\/pages"}],"about":[{"href":"https:\/\/hausarztpraxis-hoffbauer.de\/index.php\/wp-json\/wp\/v2\/types\/page"}],"author":[{"embeddable":true,"href":"https:\/\/hausarztpraxis-hoffbauer.de\/index.php\/wp-json\/wp\/v2\/users\/1"}],"replies":[{"embeddable":true,"href":"https:\/\/hausarztpraxis-hoffbauer.de\/index.php\/wp-json\/wp\/v2\/comments?post=43"}],"version-history":[{"count":3,"href":"https:\/\/hausarztpraxis-hoffbauer.de\/index.php\/wp-json\/wp\/v2\/pages\/43\/revisions"}],"predecessor-version":[{"id":86,"href":"https:\/\/hausarztpraxis-hoffbauer.de\/index.php\/wp-json\/wp\/v2\/pages\/43\/revisions\/86"}],"wp:attachment":[{"href":"https:\/\/hausarztpraxis-hoffbauer.de\/index.php\/wp-json\/wp\/v2\/media?parent=43"}],"curies":[{"name":"wp","href":"https:\/\/api.w.org\/{rel}","templated":true}]}}